{"id":28222,"date":"2025-07-08T13:33:25","date_gmt":"2025-07-08T13:33:25","guid":{"rendered":"https:\/\/amkshop.ro\/?post_type=product&#038;p=28222"},"modified":"2026-02-22T16:17:49","modified_gmt":"2026-02-22T14:17:49","slug":"acoperire-decorativa-amk-mix-200","status":"publish","type":"product","link":"https:\/\/amkshop.ro\/index.php\/produs\/acoperire-decorativa-amk-mix-200\/","title":{"rendered":"Acoperire Decorativ\u0103 AMK Mix-200"},"content":{"rendered":"\t\t<div data-elementor-type=\"wp-post\" data-elementor-id=\"28222\" class=\"elementor elementor-28222\">\n\t\t\t\t<div class=\"wd-negative-gap elementor-element elementor-element-9b179a7 e-flex e-con-boxed e-con e-parent\" data-id=\"9b179a7\" data-element_type=\"container\" data-e-type=\"container\">\n\t\t\t\t\t<div class=\"e-con-inner\">\n\t\t\t\t<div class=\"elementor-element elementor-element-f3dc6ed elementor-widget elementor-widget-html\" data-id=\"f3dc6ed\" data-element_type=\"widget\" data-e-type=\"widget\" data-widget_type=\"html.default\">\n\t\t\t\t<div class=\"elementor-widget-container\">\n\t\t\t\t\t<div class=\"amk-premium-calc\" style=\"max-width: 550px; margin: 30px auto; border-radius: 25px; overflow: hidden; font-family: 'Montserrat', sans-serif; background: #fff; box-shadow: 0 30px 60px rgba(29, 53, 87, 0.2); border: 1px solid #e1e8f0;\">\r\n    \r\n    <div style=\"background: linear-gradient(135deg, #1d3557 0%, #0a192f 100%); color: #fff; padding: 35px 25px; text-align: center; position: relative;\">\r\n        <div style=\"position: absolute; top: 15px; right: 15px; background: #e63946; color: #fff; padding: 4px 12px; border-radius: 50px; font-size: 10px; font-weight: 900; animation: amk-blink 1s infinite;\">OFERT\u0102 LIMITAT\u0102<\/div>\r\n        <div style=\"font-size: 11px; text-transform: uppercase; letter-spacing: 3px; opacity: 0.7; margin-bottom: 8px;\">Marmur\u0103 Natural\u0103 pe Plas\u0103 \u2022 Direct de la Importator<\/div>\r\n        <div style=\"font-size: 34px; font-weight: 900; color: #ffcc00; letter-spacing: -1px;\">CALCULATOR PROIECT<\/div>\r\n    <\/div>\r\n\r\n    <div style=\"padding: 35px;\">\r\n        <div style=\"margin-bottom: 25px;\">\r\n            <label style=\"display: block; font-size: 13px; font-weight: 800; color: #1d3557; margin-bottom: 12px; text-transform: uppercase;\">Suprafa\u021ba fa\u021badei (m\u00b2):<\/label>\r\n            <div style=\"position: relative;\">\r\n                <input type=\"number\" id=\"amk_mp_input\" placeholder=\"Ex: 125\" style=\"width: 100%; height: 70px; padding: 0 20px; border: 3px solid #f1f4f8; border-radius: 15px; font-size: 32px; font-weight: 900; outline: none; transition: 0.3s; background: #f8f9fa; color: #1d3557;\" oninput=\"updateAmkShop()\">\r\n                <div style=\"position: absolute; right: 20px; top: 50%; transform: translateY(-50%); font-weight: 900; color: #cbd5e0; font-size: 20px;\">M\u00b2<\/div>\r\n            <\/div>\r\n        <\/div>\r\n\r\n        <div style=\"display: grid; grid-template-columns: 1fr 1fr; gap: 15px; margin-bottom: 25px;\">\r\n            <div id=\"p_sub\" style=\"background: #f8f9fa; padding: 15px; border-radius: 15px; text-align: center; border: 2px solid transparent; transition: 0.3s;\">\r\n                <span style=\"display: block; font-size: 10px; font-weight: 800; color: #64748b; text-transform: uppercase;\">Sub 100 m\u00b2<\/span>\r\n                <span style=\"font-size: 22px; font-weight: 900; color: #1d3557;\">105 RON<\/span>\r\n            <\/div>\r\n            <div id=\"p_peste\" style=\"background: #f8f9fa; padding: 15px; border-radius: 15px; text-align: center; border: 2px solid transparent; transition: 0.3s;\">\r\n                <span style=\"display: block; font-size: 10px; font-weight: 800; color: #e63946; text-transform: uppercase;\">Peste 100 m\u00b2<\/span>\r\n                <span style=\"font-size: 22px; font-weight: 900; color: #1d3557;\">99 RON<\/span>\r\n            <\/div>\r\n        <\/div>\r\n\r\n        <div style=\"background: #1d3557; padding: 30px; border-radius: 20px; text-align: center; margin-bottom: 25px; box-shadow: inset 0 2px 10px rgba(0,0,0,0.2);\">\r\n            <div id=\"res_boxes_ro\" style=\"font-size: 36px; font-weight: 900; color: #ffcc00; margin-bottom: 5px;\">0 CUTII<\/div>\r\n            <div id=\"res_m2_ro\" style=\"font-size: 14px; color: #a8dadc; font-weight: 600; margin-bottom: 20px;\">Livr\u0103m 0 m\u00b2 (include rezerva 5%)<\/div>\r\n            <div style=\"border-top: 1px solid rgba(255,255,255,0.1); padding-top: 20px;\">\r\n                <div style=\"font-size: 12px; text-transform: uppercase; font-weight: 700; color: #fff; opacity: 0.6; margin-bottom: 8px;\">Total de plat\u0103 (TVA inclus):<\/div>\r\n                <div id=\"res_total_ro\" style=\"font-size: 48px; font-weight: 950; color: #fff; line-height: 1;\">0 RON<\/div>\r\n            <\/div>\r\n        <\/div>\r\n\r\n        <div style=\"display: grid; grid-template-columns: 1fr 1fr 1fr; gap: 10px; margin-bottom: 30px; border-top: 1px solid #edf2f7; padding-top: 20px;\">\r\n            <div style=\"text-align: center;\">\r\n                <div style=\"font-size: 20px; margin-bottom: 5px;\">\ud83d\ude9b<\/div>\r\n                <div style=\"font-size: 10px; font-weight: 800; color: #1d3557; text-transform: uppercase;\">Livrare Gratuit\u0103<\/div>\r\n                <div style=\"font-size: 9px; color: #718096;\">2-4 zile \u00een RO<\/div>\r\n            <\/div>\r\n            <div style=\"text-align: center; border-left: 1px solid #edf2f7; border-right: 1px solid #edf2f7;\">\r\n                <div style=\"font-size: 20px; margin-bottom: 5px;\">\ud83d\udcb3<\/div>\r\n                <div style=\"font-size: 10px; font-weight: 800; color: #1d3557; text-transform: uppercase;\">Plat\u0103 Sigur\u0103<\/div>\r\n                <div style=\"font-size: 9px; color: #718096;\">Ramburs sau Card<\/div>\r\n            <\/div>\r\n            <div style=\"text-align: center;\">\r\n                <div style=\"font-size: 20px; margin-bottom: 5px;\">\ud83c\udfa8<\/div>\r\n                <div style=\"font-size: 10px; font-weight: 800; color: #1d3557; text-transform: uppercase;\">15 Ani Culori<\/div>\r\n                <div style=\"font-size: 9px; color: #718096;\">Rezisten\u021b\u0103 UV<\/div>\r\n            <\/div>\r\n        <\/div>\r\n\r\n        <a id=\"wa_btn_ro\" href=\"https:\/\/wa.me\/37361036969\" target=\"_blank\" style=\"display: flex; flex-direction: column; align-items: center; justify-content: center; background: #25D366; color: #fff; padding: 22px; border-radius: 18px; text-decoration: none; font-weight: 900; text-transform: uppercase; box-shadow: 0 15px 30px rgba(37, 211, 102, 0.4); transition: 0.3s; animation: amk-pulse 2s infinite ease-in-out;\">\r\n            <span style=\"font-size: 10px; opacity: 0.9; margin-bottom: 4px; letter-spacing: 1px;\">EVIT\u0102 SCUMPIRILE DIN SEZON:<\/span>\r\n            <span style=\"font-size: 18px;\">REZERV\u0102 PRE\u021aUL \u0218I STOCUL<\/span>\r\n        <\/a>\r\n    <\/div>\r\n<\/div>\r\n\r\n<style>\r\n@keyframes amk-pulse { 0% { transform: scale(1); } 50% { transform: scale(1.03); } 100% { transform: scale(1); } }\r\n@keyframes amk-blink { 50% { opacity: 0; } }\r\n<\/style>\r\n\r\n<script type=\"text\/javascript\">\r\n(function() {\r\n    window.updateAmkShop = function() {\r\n        var mp = parseFloat(document.getElementById('amk_mp_input').value);\r\n        var boxesEl = document.getElementById('res_boxes_ro');\r\n        var m2El = document.getElementById('res_m2_ro');\r\n        var totalEl = document.getElementById('res_total_ro');\r\n        var pSub = document.getElementById('p_sub');\r\n        var pPeste = document.getElementById('p_peste');\r\n\r\n        if(!mp || mp <= 0) {\r\n            boxesEl.innerText = \"0 CUTII\";\r\n            totalEl.innerText = \"0 RON\";\r\n            pSub.style.borderColor = 'transparent';\r\n            pPeste.style.borderColor = 'transparent';\r\n            return;\r\n        }\r\n\r\n        var mpCuRezerva = mp * 1.05;\r\n        var boxes = Math.round(mpCuRezerva \/ 9);\r\n        if(boxes === 0) boxes = 1; \r\n\r\n        var actualM2 = boxes * 9;\r\n        var pret = (mp >= 100) ? 99 : 105;\r\n        \r\n        if(pret === 105) {\r\n            pSub.style.borderColor = '#1d3557'; pSub.style.background = '#fff';\r\n            pPeste.style.borderColor = 'transparent'; pPeste.style.background = '#f8f9fa';\r\n        } else {\r\n            pPeste.style.borderColor = '#e63946'; pPeste.style.background = '#fff';\r\n            pSub.style.borderColor = 'transparent'; pSub.style.background = '#f8f9fa';\r\n        }\r\n        \r\n        var total = actualM2 * pret;\r\n        boxesEl.innerText = boxes + (boxes === 1 ? \" CUTIE\" : \" CUTII\");\r\n        m2El.innerText = \"Livrare total\u0103: \" + actualM2 + \" m\u00b2 (cu 5% surplus)\";\r\n        totalEl.innerText = total.toLocaleString('ro-RO') + \" RON\";\r\n\r\n        var msg = \"Salut! Am calculat pe amkshop.ro: proiect de \" + mp + \" m2. Rezultatul: \" + boxes + \" cutii (\" + actualM2 + \" mp). Vreau s\u0103 rezerv pre\u021bul de \" + pret + \" RON\/m2 valabil p\u00e2n\u0103 la 31 martie.\";\r\n        document.getElementById('wa_btn_ro').href = \"https:\/\/wa.me\/37361036969?text=\" + encodeURIComponent(msg);\r\n    };\r\n})();\r\n<\/script>\t\t\t\t<\/div>\n\t\t\t\t<\/div>\n\t\t\t\t\t<\/div>\n\t\t\t\t<\/div>\n\t\t<div class=\"wd-negative-gap elementor-element elementor-element-1f90816 e-flex e-con-boxed e-con e-parent\" data-id=\"1f90816\" data-element_type=\"container\" data-e-type=\"container\">\n\t\t\t\t\t<div class=\"e-con-inner\">\n\t\t\t\t<div class=\"elementor-element elementor-element-460f02e elementor-widget elementor-widget-html\" data-id=\"460f02e\" data-element_type=\"widget\" data-e-type=\"widget\" data-widget_type=\"html.default\">\n\t\t\t\t<div class=\"elementor-widget-container\">\n\t\t\t\t\t<div style=\"max-width: 850px; margin: 30px auto; font-family: 'Montserrat', sans-serif; position: relative;\">\r\n    \r\n    <div style=\"position: absolute; top: -15px; right: 20px; background: #2ecc71; color: #fff; padding: 8px 20px; border-radius: 50px; font-weight: 900; font-size: 14px; z-index: 10; box-shadow: 0 5px 15px rgba(46,204,113,0.3);\">\r\n        ECONOMIE URIA\u0218\u0102! \ud83d\udcb0\r\n    <\/div>\r\n\r\n    <div style=\"background: #1d3557; border-radius: 25px; overflow: hidden; border: 4px solid #2ecc71; box-shadow: 0 25px 50px rgba(0,0,0,0.2);\">\r\n        \r\n        <div style=\"display: flex; flex-wrap: wrap; align-items: center;\">\r\n            \r\n            <div style=\"flex: 1; min-width: 300px; background: linear-gradient(135deg, #f8f9fa 0%, #e9ecef 100%); padding: 40px; text-align: center;\">\r\n                <div style=\"font-size: 60px; margin-bottom: 10px;\">\ud83d\udce6 \u2794 \ud83c\udfd7\ufe0f<\/div>\r\n                <div style=\"font-size: 24px; font-weight: 900; color: #1d3557; line-height: 1.2;\">\r\n                    1 SAC ADEZIV (25kg)<br>\r\n                    <span style=\"color: #2ecc71;\">PENTRU 9 m\u00b2 DE AMK<\/span>\r\n                <\/div>\r\n                <div style=\"margin-top: 15px; font-size: 14px; color: #555; font-weight: 600;\">\r\n                    Lipire + Chituire rosturi incluse!\r\n                <\/div>\r\n            <\/div>\r\n\r\n            <div style=\"flex: 1; min-width: 300px; padding: 40px; color: #fff;\">\r\n                <h3 style=\"margin: 0 0 15px 0; font-weight: 900; text-transform: uppercase; color: #2ecc71;\">Ce adeziv s\u0103 cumperi?<\/h3>\r\n                <p style=\"font-size: 15px; line-height: 1.5; opacity: 0.9; margin-bottom: 20px;\">\r\n                    Sistemul AMK este compatibil cu orice <b>adeziv alb<\/b> pentru piatr\u0103\/ceramic\u0103 clasa:\r\n                <\/p>\r\n                \r\n                <div style=\"background: rgba(255,255,255,0.1); padding: 15px; border-radius: 10px; border-left: 5px solid #ffcc00; margin-bottom: 25px;\">\r\n                    <span style=\"font-size: 22px; font-weight: 900; color: #ffcc00; letter-spacing: 2px;\">C2TE S1<\/span>\r\n                    <div style=\"font-size: 12px; margin-top: 5px;\">Disponibil \u00een orice magazin de bricolaj (Dedeman, Leroy Merlin, Brico, etc.)<\/div>\r\n                <\/div>\r\n\r\n                <a href=\"https:\/\/amk.ro\/adeziv\/\" \r\n                   class=\"btn-adeziv-miscare\"\r\n                   style=\"display: block; background: #ffcc00; color: #1d3557; text-align: center; padding: 18px; border-radius: 12px; text-decoration: none; font-weight: 900; font-size: 15px; text-transform: uppercase; box-shadow: 0 10px 20px rgba(0,0,0,0.2); transition: 0.3s;\">\r\n                    VEZI DETALII TEHNICE ADEZIV \u2794\r\n                <\/a>\r\n            <\/div>\r\n        <\/div>\r\n    <\/div>\r\n<\/div>\r\n\r\n<style>\r\n@keyframes shake-move {\r\n    0% { transform: translateX(0); }\r\n    10% { transform: translateX(-5px); }\r\n    20% { transform: translateX(5px); }\r\n    30% { transform: translateX(-5px); }\r\n    40% { transform: translateX(5px); }\r\n    50% { transform: translateX(0); }\r\n    100% { transform: translateX(0); }\r\n}\r\n\r\n.btn-adeziv-miscare {\r\n    animation: shake-move 3s infinite ease-in-out;\r\n}\r\n\r\n.btn-adeziv-miscare:hover {\r\n    background: #fff !important;\r\n    animation: none;\r\n    transform: scale(1.05);\r\n}\r\n<\/style>\t\t\t\t<\/div>\n\t\t\t\t<\/div>\n\t\t\t\t\t<\/div>\n\t\t\t\t<\/div>\n\t\t\t\t<\/div>\n\t\t","protected":false},"excerpt":{"rendered":"<p>PRE\u021aUL VARIAZ\u0102 IN DEPENDEN\u021a\u0102 DE CANTITATEA PROCURAT\u0102<\/p>\n<p>LIVRARE GRATUIT\u0102 LA DOMICILIU<\/p>\n","protected":false},"featured_media":28223,"comment_status":"open","ping_status":"closed","template":"","meta":[],"product_brand":[51],"product_cat":[20],"product_tag":[82],"class_list":{"0":"post-28222","1":"product","2":"type-product","3":"status-publish","4":"has-post-thumbnail","6":"product_brand-amk","7":"product_cat-caramida","8":"product_tag-10-la-volum","10":"first","11":"instock","12":"sale","13":"shipping-taxable","14":"purchasable","15":"product-type-simple"},"yoast_head":"<!-- This site is optimized with the Yoast SEO Premium plugin v25.4 (Yoast SEO v27.4) - https:\/\/yoast.com\/product\/yoast-seo-premium-wordpress\/ -->\n<title>Acoperire Decorativ\u0103 AMK Mix-200 - Acoperire Decorativ\u0103 AMK<\/title>\n<meta name=\"description\" content=\"AMK \u2013 Finisaj Elegant cu Aspect de Piatr\u0103 Natural\u0103Transform\u0103 pere\u021bii t\u0103i, interiori sau exteriori, cu AMK \u2013 materialul inovator care combin\u0103 durabilitatea \u0219i rafinamentul agregatelor de marmur\u0103 cu u\u0219urin\u021ba instal\u0103rii. Datorit\u0103 aspectului premium asem\u0103n\u0103tor pietrei naturale, AMK aduce sofisticare \u0219i stil \u00een orice spa\u021biu.\" \/>\n<meta name=\"robots\" content=\"index, follow, max-snippet:-1, max-image-preview:large, max-video-preview:-1\" \/>\n<link rel=\"canonical\" href=\"https:\/\/amkshop.ro\/index.php\/produs\/acoperire-decorativa-amk-mix-200\/\" \/>\n<meta property=\"og:locale\" content=\"ro_RO\" \/>\n<meta property=\"og:type\" content=\"article\" \/>\n<meta property=\"og:title\" content=\"Acoperire Decorativ\u0103 AMK Mix-200\" \/>\n<meta property=\"og:description\" content=\"AMK \u2013 Finisaj Elegant cu Aspect de Piatr\u0103 Natural\u0103Transform\u0103 pere\u021bii t\u0103i, interiori sau exteriori, cu AMK \u2013 materialul inovator care combin\u0103 durabilitatea \u0219i rafinamentul agregatelor de marmur\u0103 cu u\u0219urin\u021ba instal\u0103rii. Datorit\u0103 aspectului premium asem\u0103n\u0103tor pietrei naturale, AMK aduce sofisticare \u0219i stil \u00een orice spa\u021biu.\" \/>\n<meta property=\"og:url\" content=\"https:\/\/amkshop.ro\/index.php\/produs\/acoperire-decorativa-amk-mix-200\/\" \/>\n<meta property=\"og:site_name\" content=\"Acoperire Decorativ\u0103 AMK\" \/>\n<meta property=\"article:modified_time\" content=\"2026-02-22T14:17:49+00:00\" \/>\n<meta property=\"og:image\" content=\"https:\/\/amkshop.ro\/wp-content\/uploads\/2025\/07\/CARAMIDA-MIX-200.png\" \/>\n\t<meta property=\"og:image:width\" content=\"833\" \/>\n\t<meta property=\"og:image:height\" content=\"833\" \/>\n\t<meta property=\"og:image:type\" content=\"image\/png\" \/>\n<meta name=\"twitter:card\" content=\"summary_large_image\" \/>\n<meta name=\"twitter:label1\" content=\"Timp estimat pentru citire\" \/>\n\t<meta name=\"twitter:data1\" content=\"1 minut\" \/>\n<script type=\"application\/ld+json\" class=\"yoast-schema-graph\">{\"@context\":\"https:\\\/\\\/schema.org\",\"@graph\":[{\"@type\":\"WebPage\",\"@id\":\"https:\\\/\\\/amkshop.ro\\\/index.php\\\/produs\\\/acoperire-decorativa-amk-mix-200\\\/\",\"url\":\"https:\\\/\\\/amkshop.ro\\\/index.php\\\/produs\\\/acoperire-decorativa-amk-mix-200\\\/\",\"name\":\"Acoperire Decorativ\u0103 AMK Mix-200 - Acoperire Decorativ\u0103 AMK\",\"isPartOf\":{\"@id\":\"https:\\\/\\\/amkshop.ro\\\/#website\"},\"primaryImageOfPage\":{\"@id\":\"https:\\\/\\\/amkshop.ro\\\/index.php\\\/produs\\\/acoperire-decorativa-amk-mix-200\\\/#primaryimage\"},\"image\":{\"@id\":\"https:\\\/\\\/amkshop.ro\\\/index.php\\\/produs\\\/acoperire-decorativa-amk-mix-200\\\/#primaryimage\"},\"thumbnailUrl\":\"https:\\\/\\\/amkshop.ro\\\/wp-content\\\/uploads\\\/2025\\\/07\\\/CARAMIDA-MIX-200.png\",\"datePublished\":\"2025-07-08T13:33:25+00:00\",\"dateModified\":\"2026-02-22T14:17:49+00:00\",\"description\":\"AMK \u2013 Finisaj Elegant cu Aspect de Piatr\u0103 Natural\u0103Transform\u0103 pere\u021bii t\u0103i, interiori sau exteriori, cu AMK \u2013 materialul inovator care combin\u0103 durabilitatea \u0219i rafinamentul agregatelor de marmur\u0103 cu u\u0219urin\u021ba instal\u0103rii. Datorit\u0103 aspectului premium asem\u0103n\u0103tor pietrei naturale, AMK aduce sofisticare \u0219i stil \u00een orice spa\u021biu.\",\"breadcrumb\":{\"@id\":\"https:\\\/\\\/amkshop.ro\\\/index.php\\\/produs\\\/acoperire-decorativa-amk-mix-200\\\/#breadcrumb\"},\"inLanguage\":\"ro-RO\",\"potentialAction\":[{\"@type\":\"ReadAction\",\"target\":[\"https:\\\/\\\/amkshop.ro\\\/index.php\\\/produs\\\/acoperire-decorativa-amk-mix-200\\\/\"]}]},{\"@type\":\"ImageObject\",\"inLanguage\":\"ro-RO\",\"@id\":\"https:\\\/\\\/amkshop.ro\\\/index.php\\\/produs\\\/acoperire-decorativa-amk-mix-200\\\/#primaryimage\",\"url\":\"https:\\\/\\\/amkshop.ro\\\/wp-content\\\/uploads\\\/2025\\\/07\\\/CARAMIDA-MIX-200.png\",\"contentUrl\":\"https:\\\/\\\/amkshop.ro\\\/wp-content\\\/uploads\\\/2025\\\/07\\\/CARAMIDA-MIX-200.png\",\"width\":833,\"height\":833},{\"@type\":\"BreadcrumbList\",\"@id\":\"https:\\\/\\\/amkshop.ro\\\/index.php\\\/produs\\\/acoperire-decorativa-amk-mix-200\\\/#breadcrumb\",\"itemListElement\":[{\"@type\":\"ListItem\",\"position\":1,\"name\":\"Home\",\"item\":\"https:\\\/\\\/amkshop.ro\\\/\"},{\"@type\":\"ListItem\",\"position\":2,\"name\":\"Magazin\",\"item\":\"https:\\\/\\\/amkshop.ro\\\/\"},{\"@type\":\"ListItem\",\"position\":3,\"name\":\"Acoperire Decorativ\u0103 AMK Mix-200\"}]},{\"@type\":\"WebSite\",\"@id\":\"https:\\\/\\\/amkshop.ro\\\/#website\",\"url\":\"https:\\\/\\\/amkshop.ro\\\/\",\"name\":\"Acoperire Decorativ\u0103 AMK\",\"description\":\"AMK Rom\u00e2nia \u2013 Solu\u021bii inteligente pentru plac\u0103ri exterioare \u0219i interioare.\",\"publisher\":{\"@id\":\"https:\\\/\\\/amkshop.ro\\\/#organization\"},\"potentialAction\":[{\"@type\":\"SearchAction\",\"target\":{\"@type\":\"EntryPoint\",\"urlTemplate\":\"https:\\\/\\\/amkshop.ro\\\/?s={search_term_string}\"},\"query-input\":{\"@type\":\"PropertyValueSpecification\",\"valueRequired\":true,\"valueName\":\"search_term_string\"}}],\"inLanguage\":\"ro-RO\"},{\"@type\":\"Organization\",\"@id\":\"https:\\\/\\\/amkshop.ro\\\/#organization\",\"name\":\"Acoperire Decorativ\u0103 AMK\",\"url\":\"https:\\\/\\\/amkshop.ro\\\/\",\"logo\":{\"@type\":\"ImageObject\",\"inLanguage\":\"ro-RO\",\"@id\":\"https:\\\/\\\/amkshop.ro\\\/#\\\/schema\\\/logo\\\/image\\\/\",\"url\":\"https:\\\/\\\/amkshop.ro\\\/wp-content\\\/uploads\\\/2025\\\/06\\\/GOK_9477-scaled.webp\",\"contentUrl\":\"https:\\\/\\\/amkshop.ro\\\/wp-content\\\/uploads\\\/2025\\\/06\\\/GOK_9477-scaled.webp\",\"width\":1920,\"height\":1282,\"caption\":\"Acoperire Decorativ\u0103 AMK\"},\"image\":{\"@id\":\"https:\\\/\\\/amkshop.ro\\\/#\\\/schema\\\/logo\\\/image\\\/\"}}]}<\/script>\n<!-- \/ Yoast SEO Premium plugin. -->","yoast_head_json":{"title":"Acoperire Decorativ\u0103 AMK Mix-200 - Acoperire Decorativ\u0103 AMK","description":"AMK \u2013 Finisaj Elegant cu Aspect de Piatr\u0103 Natural\u0103Transform\u0103 pere\u021bii t\u0103i, interiori sau exteriori, cu AMK \u2013 materialul inovator care combin\u0103 durabilitatea \u0219i rafinamentul agregatelor de marmur\u0103 cu u\u0219urin\u021ba instal\u0103rii. Datorit\u0103 aspectului premium asem\u0103n\u0103tor pietrei naturale, AMK aduce sofisticare \u0219i stil \u00een orice spa\u021biu.","robots":{"index":"index","follow":"follow","max-snippet":"max-snippet:-1","max-image-preview":"max-image-preview:large","max-video-preview":"max-video-preview:-1"},"canonical":"https:\/\/amkshop.ro\/index.php\/produs\/acoperire-decorativa-amk-mix-200\/","og_locale":"ro_RO","og_type":"article","og_title":"Acoperire Decorativ\u0103 AMK Mix-200","og_description":"AMK \u2013 Finisaj Elegant cu Aspect de Piatr\u0103 Natural\u0103Transform\u0103 pere\u021bii t\u0103i, interiori sau exteriori, cu AMK \u2013 materialul inovator care combin\u0103 durabilitatea \u0219i rafinamentul agregatelor de marmur\u0103 cu u\u0219urin\u021ba instal\u0103rii. Datorit\u0103 aspectului premium asem\u0103n\u0103tor pietrei naturale, AMK aduce sofisticare \u0219i stil \u00een orice spa\u021biu.","og_url":"https:\/\/amkshop.ro\/index.php\/produs\/acoperire-decorativa-amk-mix-200\/","og_site_name":"Acoperire Decorativ\u0103 AMK","article_modified_time":"2026-02-22T14:17:49+00:00","og_image":[{"width":833,"height":833,"url":"https:\/\/amkshop.ro\/wp-content\/uploads\/2025\/07\/CARAMIDA-MIX-200.png","type":"image\/png"}],"twitter_card":"summary_large_image","twitter_misc":{"Timp estimat pentru citire":"1 minut"},"schema":{"@context":"https:\/\/schema.org","@graph":[{"@type":"WebPage","@id":"https:\/\/amkshop.ro\/index.php\/produs\/acoperire-decorativa-amk-mix-200\/","url":"https:\/\/amkshop.ro\/index.php\/produs\/acoperire-decorativa-amk-mix-200\/","name":"Acoperire Decorativ\u0103 AMK Mix-200 - Acoperire Decorativ\u0103 AMK","isPartOf":{"@id":"https:\/\/amkshop.ro\/#website"},"primaryImageOfPage":{"@id":"https:\/\/amkshop.ro\/index.php\/produs\/acoperire-decorativa-amk-mix-200\/#primaryimage"},"image":{"@id":"https:\/\/amkshop.ro\/index.php\/produs\/acoperire-decorativa-amk-mix-200\/#primaryimage"},"thumbnailUrl":"https:\/\/amkshop.ro\/wp-content\/uploads\/2025\/07\/CARAMIDA-MIX-200.png","datePublished":"2025-07-08T13:33:25+00:00","dateModified":"2026-02-22T14:17:49+00:00","description":"AMK \u2013 Finisaj Elegant cu Aspect de Piatr\u0103 Natural\u0103Transform\u0103 pere\u021bii t\u0103i, interiori sau exteriori, cu AMK \u2013 materialul inovator care combin\u0103 durabilitatea \u0219i rafinamentul agregatelor de marmur\u0103 cu u\u0219urin\u021ba instal\u0103rii. Datorit\u0103 aspectului premium asem\u0103n\u0103tor pietrei naturale, AMK aduce sofisticare \u0219i stil \u00een orice spa\u021biu.","breadcrumb":{"@id":"https:\/\/amkshop.ro\/index.php\/produs\/acoperire-decorativa-amk-mix-200\/#breadcrumb"},"inLanguage":"ro-RO","potentialAction":[{"@type":"ReadAction","target":["https:\/\/amkshop.ro\/index.php\/produs\/acoperire-decorativa-amk-mix-200\/"]}]},{"@type":"ImageObject","inLanguage":"ro-RO","@id":"https:\/\/amkshop.ro\/index.php\/produs\/acoperire-decorativa-amk-mix-200\/#primaryimage","url":"https:\/\/amkshop.ro\/wp-content\/uploads\/2025\/07\/CARAMIDA-MIX-200.png","contentUrl":"https:\/\/amkshop.ro\/wp-content\/uploads\/2025\/07\/CARAMIDA-MIX-200.png","width":833,"height":833},{"@type":"BreadcrumbList","@id":"https:\/\/amkshop.ro\/index.php\/produs\/acoperire-decorativa-amk-mix-200\/#breadcrumb","itemListElement":[{"@type":"ListItem","position":1,"name":"Home","item":"https:\/\/amkshop.ro\/"},{"@type":"ListItem","position":2,"name":"Magazin","item":"https:\/\/amkshop.ro\/"},{"@type":"ListItem","position":3,"name":"Acoperire Decorativ\u0103 AMK Mix-200"}]},{"@type":"WebSite","@id":"https:\/\/amkshop.ro\/#website","url":"https:\/\/amkshop.ro\/","name":"Acoperire Decorativ\u0103 AMK","description":"AMK Rom\u00e2nia \u2013 Solu\u021bii inteligente pentru plac\u0103ri exterioare \u0219i interioare.","publisher":{"@id":"https:\/\/amkshop.ro\/#organization"},"potentialAction":[{"@type":"SearchAction","target":{"@type":"EntryPoint","urlTemplate":"https:\/\/amkshop.ro\/?s={search_term_string}"},"query-input":{"@type":"PropertyValueSpecification","valueRequired":true,"valueName":"search_term_string"}}],"inLanguage":"ro-RO"},{"@type":"Organization","@id":"https:\/\/amkshop.ro\/#organization","name":"Acoperire Decorativ\u0103 AMK","url":"https:\/\/amkshop.ro\/","logo":{"@type":"ImageObject","inLanguage":"ro-RO","@id":"https:\/\/amkshop.ro\/#\/schema\/logo\/image\/","url":"https:\/\/amkshop.ro\/wp-content\/uploads\/2025\/06\/GOK_9477-scaled.webp","contentUrl":"https:\/\/amkshop.ro\/wp-content\/uploads\/2025\/06\/GOK_9477-scaled.webp","width":1920,"height":1282,"caption":"Acoperire Decorativ\u0103 AMK"},"image":{"@id":"https:\/\/amkshop.ro\/#\/schema\/logo\/image\/"}}]}},"_links":{"self":[{"href":"https:\/\/amkshop.ro\/index.php\/wp-json\/wp\/v2\/product\/28222","targetHints":{"allow":["GET"]}}],"collection":[{"href":"https:\/\/amkshop.ro\/index.php\/wp-json\/wp\/v2\/product"}],"about":[{"href":"https:\/\/amkshop.ro\/index.php\/wp-json\/wp\/v2\/types\/product"}],"replies":[{"embeddable":true,"href":"https:\/\/amkshop.ro\/index.php\/wp-json\/wp\/v2\/comments?post=28222"}],"version-history":[{"count":38,"href":"https:\/\/amkshop.ro\/index.php\/wp-json\/wp\/v2\/product\/28222\/revisions"}],"predecessor-version":[{"id":29636,"href":"https:\/\/amkshop.ro\/index.php\/wp-json\/wp\/v2\/product\/28222\/revisions\/29636"}],"wp:featuredmedia":[{"embeddable":true,"href":"https:\/\/amkshop.ro\/index.php\/wp-json\/wp\/v2\/media\/28223"}],"wp:attachment":[{"href":"https:\/\/amkshop.ro\/index.php\/wp-json\/wp\/v2\/media?parent=28222"}],"wp:term":[{"taxonomy":"product_brand","embeddable":true,"href":"https:\/\/amkshop.ro\/index.php\/wp-json\/wp\/v2\/product_brand?post=28222"},{"taxonomy":"product_cat","embeddable":true,"href":"https:\/\/amkshop.ro\/index.php\/wp-json\/wp\/v2\/product_cat?post=28222"},{"taxonomy":"product_tag","embeddable":true,"href":"https:\/\/amkshop.ro\/index.php\/wp-json\/wp\/v2\/product_tag?post=28222"}],"curies":[{"name":"wp","href":"https:\/\/api.w.org\/{rel}","templated":true}]}}